{"id":230,"date":"2021-02-02T13:03:15","date_gmt":"2021-02-02T12:03:15","guid":{"rendered":"http:\/\/atest-place-zabaw.grafipol.webd.pro\/?page_id=230"},"modified":"2021-02-04T17:46:29","modified_gmt":"2021-02-04T16:46:29","slug":"przydomowe-place-zabaw","status":"publish","type":"page","link":"https:\/\/atestowane-place-zabaw.pl\/index.php\/przydomowe-place-zabaw\/","title":{"rendered":"Przydomowe place zabaw"},"content":{"rendered":"\t\t<div data-elementor-type=\"wp-page\" data-elementor-id=\"230\" class=\"elementor elementor-230\">\n\t\t\t\t\t\t<section class=\"elementor-section elementor-top-section elementor-element elementor-element-e046d7c elementor-section-stretched elementor-section-boxed elementor-section-height-default elementor-section-height-default\" data-id=\"e046d7c\" data-element_type=\"section\" data-e-type=\"section\" data-settings=\"{&quot;stretch_section&quot;:&quot;section-stretched&quot;}\">\n\t\t\t\t\t\t<div class=\"elementor-container elementor-column-gap-default\">\n\t\t\t\t\t<div class=\"elementor-column elementor-col-100 elementor-top-column elementor-element elementor-element-4cd4c12\" data-id=\"4cd4c12\" data-element_type=\"column\" data-e-type=\"column\">\n\t\t\t<div class=\"elementor-widget-wrap elementor-element-populated\">\n\t\t\t\t\t\t<div class=\"elementor-element elementor-element-6dd9058 elementor-widget elementor-widget-heading\" data-id=\"6dd9058\" data-element_type=\"widget\" data-e-type=\"widget\" data-widget_type=\"heading.default\">\n\t\t\t\t<div class=\"elementor-widget-container\">\n\t\t\t\t\t<h2 class=\"elementor-heading-title elementor-size-default\">PRZYDOMOWE PLACE ZABAW<\/h2>\t\t\t\t<\/div>\n\t\t\t\t<\/div>\n\t\t\t\t\t<\/div>\n\t\t<\/div>\n\t\t\t\t\t<\/div>\n\t\t<\/section>\n\t\t\t\t<section class=\"elementor-section elementor-top-section elementor-element elementor-element-babd873 elementor-section-stretched elementor-section-boxed elementor-section-height-default elementor-section-height-default\" data-id=\"babd873\" data-element_type=\"section\" data-e-type=\"section\" data-settings=\"{&quot;stretch_section&quot;:&quot;section-stretched&quot;}\">\n\t\t\t\t\t\t<div class=\"elementor-container elementor-column-gap-default\">\n\t\t\t\t\t<div class=\"elementor-column elementor-col-66 elementor-top-column elementor-element elementor-element-0e6ec5b\" data-id=\"0e6ec5b\" data-element_type=\"column\" data-e-type=\"column\">\n\t\t\t<div class=\"elementor-widget-wrap elementor-element-populated\">\n\t\t\t\t\t\t<div class=\"elementor-element elementor-element-83448a6 elementor-widget elementor-widget-text-editor\" data-id=\"83448a6\" data-element_type=\"widget\" data-e-type=\"widget\" data-widget_type=\"text-editor.default\">\n\t\t\t\t<div class=\"elementor-widget-container\">\n\t\t\t\t\t\t\t\t\t<p><strong>Przydomowe zestawy zabawowe daj\u0105 mo\u017cliwo\u015b\u0107 wspania\u0142ej i bezpiecznej zabawy w ogrodzie<\/strong><\/p><p>Wykonujemy je tak, jak atestowane place zabaw, z najlepszych gatunk\u00f3w drewna iglastego bezrdzeniowego i zabezpieczonego w komorze ci\u015bnieniowej. Poszczeg\u00f3lne elementy s\u0105 strugane, szlifowane oraz impregnowane \u015brodkami grzybob\u00f3jczymi.<\/p><p>Kolorystyka dobierana jest do otoczenia i upodoba\u0144 klienta. Do malowania u\u017cywane s\u0105 wy\u0142\u0105cznie ekologiczne, atestowane farby oraz najwy\u017cszej klasy lakiery. Daszki oraz os\u0142ony zabezpieczaj\u0105ce s\u0105 wykonane ze sklejki laminowanej i wodoodpornej, zabezpieczonej przed szkodliwymi warunkami atmosferycznymi.<\/p><p>Wszelkie metalowe \u0142\u0105czniki s\u0105 zabezpieczone specjalnymi plastikowymi za\u015blepkami co poprawia w\u00a0znacznym stopniu estetyk\u0119 i bezpiecze\u0144stwo urz\u0105dzenia.\u00a0Wykorzystywane zje\u017cd\u017calnie mog\u0105 by\u0107 wykonywane s\u0105 z \u017cywicy poliestrowej b\u0105d\u017a z p\u0142yty HDPE w po\u0142\u0105czeniu z blach\u0105 chromoniklow\u0105.<\/p>\t\t\t\t\t\t\t\t<\/div>\n\t\t\t\t<\/div>\n\t\t\t\t\t<\/div>\n\t\t<\/div>\n\t\t\t\t<div class=\"elementor-column elementor-col-33 elementor-top-column elementor-element elementor-element-bbe5841\" data-id=\"bbe5841\" data-element_type=\"column\" data-e-type=\"column\">\n\t\t\t<div class=\"elementor-widget-wrap elementor-element-populated\">\n\t\t\t\t\t\t<div class=\"elementor-element elementor-element-07248e7 elementor-widget elementor-widget-image\" data-id=\"07248e7\" data-element_type=\"widget\" data-e-type=\"widget\" data-widget_type=\"image.default\">\n\t\t\t\t<div class=\"elementor-widget-container\">\n\t\t\t\t\t\t\t\t\t\t\t\t\t\t\t<img fetchpriority=\"high\" decoding=\"async\" width=\"1024\" height=\"1024\" src=\"https:\/\/atestowane-place-zabaw.pl\/wp-content\/uploads\/2021\/02\/Przydomowe-place-zabaw-1-1024x1024.jpg\" class=\"attachment-large size-large wp-image-698\" alt=\"\" srcset=\"https:\/\/atestowane-place-zabaw.pl\/wp-content\/uploads\/2021\/02\/Przydomowe-place-zabaw-1-1024x1024.jpg 1024w, https:\/\/atestowane-place-zabaw.pl\/wp-content\/uploads\/2021\/02\/Przydomowe-place-zabaw-1-300x300.jpg 300w, https:\/\/atestowane-place-zabaw.pl\/wp-content\/uploads\/2021\/02\/Przydomowe-place-zabaw-1-150x150.jpg 150w, https:\/\/atestowane-place-zabaw.pl\/wp-content\/uploads\/2021\/02\/Przydomowe-place-zabaw-1-768x768.jpg 768w, https:\/\/atestowane-place-zabaw.pl\/wp-content\/uploads\/2021\/02\/Przydomowe-place-zabaw-1.jpg 1280w\" sizes=\"(max-width: 1024px) 100vw, 1024px\" \/>\t\t\t\t\t\t\t\t\t\t\t\t\t\t\t<\/div>\n\t\t\t\t<\/div>\n\t\t\t\t\t<\/div>\n\t\t<\/div>\n\t\t\t\t\t<\/div>\n\t\t<\/section>\n\t\t\t\t<section class=\"elementor-section elementor-top-section elementor-element elementor-element-1388989 elementor-section-stretched elementor-section-boxed elementor-section-height-default elementor-section-height-default\" data-id=\"1388989\" data-element_type=\"section\" data-e-type=\"section\" data-settings=\"{&quot;stretch_section&quot;:&quot;section-stretched&quot;}\">\n\t\t\t\t\t\t<div class=\"elementor-container elementor-column-gap-default\">\n\t\t\t\t\t<div class=\"elementor-column elementor-col-100 elementor-top-column elementor-element elementor-element-e707da0\" data-id=\"e707da0\" data-element_type=\"column\" data-e-type=\"column\">\n\t\t\t<div class=\"elementor-widget-wrap elementor-element-populated\">\n\t\t\t\t\t\t<div class=\"elementor-element elementor-element-e024ca2 elementor-widget-divider--view-line elementor-widget elementor-widget-divider\" data-id=\"e024ca2\" data-element_type=\"widget\" data-e-type=\"widget\" data-widget_type=\"divider.default\">\n\t\t\t\t<div class=\"elementor-widget-container\">\n\t\t\t\t\t\t\t<div class=\"elementor-divider\">\n\t\t\t<span class=\"elementor-divider-separator\">\n\t\t\t\t\t\t<\/span>\n\t\t<\/div>\n\t\t\t\t\t\t<\/div>\n\t\t\t\t<\/div>\n\t\t\t\t\t<\/div>\n\t\t<\/div>\n\t\t\t\t\t<\/div>\n\t\t<\/section>\n\t\t\t\t<section class=\"elementor-section elementor-top-section elementor-element elementor-element-fd55757 elementor-section-stretched elementor-section-boxed elementor-section-height-default elementor-section-height-default\" data-id=\"fd55757\" data-element_type=\"section\" data-e-type=\"section\" data-settings=\"{&quot;stretch_section&quot;:&quot;section-stretched&quot;}\">\n\t\t\t\t\t\t<div class=\"elementor-container elementor-column-gap-default\">\n\t\t\t\t\t<div class=\"elementor-column elementor-col-100 elementor-top-column elementor-element elementor-element-954c676\" data-id=\"954c676\" data-element_type=\"column\" data-e-type=\"column\">\n\t\t\t<div class=\"elementor-widget-wrap elementor-element-populated\">\n\t\t\t\t\t\t<div class=\"elementor-element elementor-element-c827674 elementor-widget elementor-widget-shortcode\" data-id=\"c827674\" data-element_type=\"widget\" data-e-type=\"widget\" data-widget_type=\"shortcode.default\">\n\t\t\t\t<div class=\"elementor-widget-container\">\n\t\t\t\t\t\t\t<div class=\"elementor-shortcode\"> <div class=\"gmedia_gallery phantom-old_module is_bot\" id=\"GmediaGallery_7\" data-gmid=\"7\" data-module=\"phantom-old\"><style class='gmedia_module_style_import'>@import url('https:\/\/atestowane-place-zabaw.pl\/wp-content\/grand-media\/module\/phantom-old\/css\/style.css?v=2.9') all;<\/style>        <div class=\"gmPhantomOld_Container delay\">\r\n        <div class=\"gmPhantomOld_Background\"><\/div>\r\n        <div class=\"gmPhantomOld_thumbsWrapper\">\r\n            <div class=\"gmPhantomOld_ThumbContainer gmPhantomOld_ThumbLoader\" data-ratio=\"0.67407407407407\/0.75\" style=\"width:182px;height:270px;\" data-no=\"0\"><div class=\"gmPhantomOld_Thumb\"><img decoding=\"async\" style=\"margin:0 0 0 -5%;\" class=\"noLazy landscape\" src=\"https:\/\/atestowane-place-zabaw.pl\/wp-content\/grand-media\/image\/thumb\/Zestaw-natura.jpg\" alt=\"\"\/><\/div><\/div><div class=\"gmPhantomOld_ThumbContainer gmPhantomOld_ThumbLoader\" data-ratio=\"0.67407407407407\/0.75\" style=\"width:182px;height:270px;\" data-no=\"1\"><div class=\"gmPhantomOld_Thumb\"><img decoding=\"async\" style=\"margin:0 0 0 -5%;\" class=\"noLazy landscape\" src=\"https:\/\/atestowane-place-zabaw.pl\/wp-content\/grand-media\/image\/thumb\/Zestaw-natura2_1.jpg\" alt=\"\"\/><\/div><\/div><div class=\"gmPhantomOld_ThumbContainer gmPhantomOld_ThumbLoader\" data-ratio=\"0.67407407407407\/0.75\" style=\"width:182px;height:270px;\" data-no=\"2\"><div class=\"gmPhantomOld_Thumb\"><img decoding=\"async\" style=\"margin:0 0 0 -5%;\" class=\"noLazy landscape\" src=\"https:\/\/atestowane-place-zabaw.pl\/wp-content\/grand-media\/image\/thumb\/Zestaw-natura3_1.jpg\" alt=\"\"\/><\/div><\/div><div class=\"gmPhantomOld_ThumbContainer gmPhantomOld_ThumbLoader\" data-ratio=\"0.67407407407407\/0.75\" style=\"width:182px;height:270px;\" data-no=\"3\"><div class=\"gmPhantomOld_Thumb\"><img decoding=\"async\" style=\"margin:0 0 0 -5%;\" class=\"noLazy landscape\" src=\"https:\/\/atestowane-place-zabaw.pl\/wp-content\/grand-media\/image\/thumb\/Zestaw-natura-4.jpg\" alt=\"\"\/><\/div><\/div><div class=\"gmPhantomOld_ThumbContainer gmPhantomOld_ThumbLoader\" data-ratio=\"0.67407407407407\/0.75\" style=\"width:182px;height:270px;\" data-no=\"4\"><div class=\"gmPhantomOld_Thumb\"><img decoding=\"async\" style=\"margin:0 0 0 -5%;\" class=\"noLazy landscape\" src=\"https:\/\/atestowane-place-zabaw.pl\/wp-content\/grand-media\/image\/thumb\/Zestaw-szary_1.jpg\" alt=\"\"\/><\/div><\/div><div class=\"gmPhantomOld_ThumbContainer gmPhantomOld_ThumbLoader\" data-ratio=\"0.67407407407407\/0.75\" style=\"width:182px;height:270px;\" data-no=\"5\"><div class=\"gmPhantomOld_Thumb\"><img decoding=\"async\" style=\"margin:0 0 0 -5%;\" class=\"noLazy landscape\" src=\"https:\/\/atestowane-place-zabaw.pl\/wp-content\/grand-media\/image\/thumb\/Zestaw-szary1_1.jpg\" alt=\"\"\/><\/div><\/div><br style=\"clear:both;\"\/>\r\n        <\/div>\r\n    <\/div>\r\n    <\/div><\/div>\n\t\t\t\t\t\t<\/div>\n\t\t\t\t<\/div>\n\t\t\t\t\t<\/div>\n\t\t<\/div>\n\t\t\t\t\t<\/div>\n\t\t<\/section>\n\t\t\t\t<\/div>\n\t\t","protected":false},"excerpt":{"rendered":"<p>PRZYDOMOWE PLACE ZABAW Przydomowe zestawy zabawowe daj\u0105 mo\u017cliwo\u015b\u0107 wspania\u0142ej i bezpiecznej zabawy w ogrodzie Wykonujemy je tak, jak atestowane place zabaw, z najlepszych gatunk\u00f3w drewna iglastego bezrdzeniowego i zabezpieczonego w komorze ci\u015bnieniowej. Poszczeg\u00f3lne elementy s\u0105 strugane, szlifowane oraz impregnowane \u015brodkami grzybob\u00f3jczymi. Kolorystyka dobierana jest do otoczenia i upodoba\u0144 klienta. Do malowania u\u017cywane s\u0105 wy\u0142\u0105cznie ekologiczne,&hellip;<\/p>\n","protected":false},"author":1,"featured_media":0,"parent":0,"menu_order":0,"comment_status":"closed","ping_status":"closed","template":"","meta":{"footnotes":""},"class_list":["post-230","page","type-page","status-publish","hentry"],"yoast_head":"<!-- This site is optimized with the Yoast SEO plugin v27.4 - https:\/\/yoast.com\/product\/yoast-seo-wordpress\/ -->\n<title>Przydomowe place zabaw, atestowane place zabaw, Drewno Styl<\/title>\n<meta name=\"description\" content=\"Przydomowe place zabaw, atestowane place zabaw, Drewno Styl\" \/>\n<meta name=\"robots\" content=\"index, follow, max-snippet:-1, max-image-preview:large, max-video-preview:-1\" \/>\n<link rel=\"canonical\" href=\"https:\/\/atestowane-place-zabaw.pl\/index.php\/przydomowe-place-zabaw\/\" \/>\n<meta property=\"og:locale\" content=\"pl_PL\" \/>\n<meta property=\"og:type\" content=\"article\" \/>\n<meta property=\"og:title\" content=\"Przydomowe place zabaw, atestowane place zabaw, Drewno Styl\" \/>\n<meta property=\"og:description\" content=\"Przydomowe place zabaw, atestowane place zabaw, Drewno Styl\" \/>\n<meta property=\"og:url\" content=\"https:\/\/atestowane-place-zabaw.pl\/index.php\/przydomowe-place-zabaw\/\" \/>\n<meta property=\"og:site_name\" content=\"Atestowane Place Zabaw Drewno Styl\" \/>\n<meta property=\"article:modified_time\" content=\"2021-02-04T16:46:29+00:00\" \/>\n<meta property=\"og:image\" content=\"http:\/\/atest-place-zabaw.grafipol.webd.pro\/wp-content\/uploads\/2021\/02\/Przydomowe-place-zabaw-1-1024x1024.jpg\" \/>\n<meta name=\"twitter:card\" content=\"summary_large_image\" \/>\n<meta name=\"twitter:label1\" content=\"Szacowany czas czytania\" \/>\n\t<meta name=\"twitter:data1\" content=\"2 minuty\" \/>\n<script type=\"application\/ld+json\" class=\"yoast-schema-graph\">{\"@context\":\"https:\\\/\\\/schema.org\",\"@graph\":[{\"@type\":\"WebPage\",\"@id\":\"https:\\\/\\\/atestowane-place-zabaw.pl\\\/index.php\\\/przydomowe-place-zabaw\\\/\",\"url\":\"https:\\\/\\\/atestowane-place-zabaw.pl\\\/index.php\\\/przydomowe-place-zabaw\\\/\",\"name\":\"Przydomowe place zabaw, atestowane place zabaw, Drewno Styl\",\"isPartOf\":{\"@id\":\"https:\\\/\\\/atestowane-place-zabaw.pl\\\/#website\"},\"primaryImageOfPage\":{\"@id\":\"https:\\\/\\\/atestowane-place-zabaw.pl\\\/index.php\\\/przydomowe-place-zabaw\\\/#primaryimage\"},\"image\":{\"@id\":\"https:\\\/\\\/atestowane-place-zabaw.pl\\\/index.php\\\/przydomowe-place-zabaw\\\/#primaryimage\"},\"thumbnailUrl\":\"http:\\\/\\\/atest-place-zabaw.grafipol.webd.pro\\\/wp-content\\\/uploads\\\/2021\\\/02\\\/Przydomowe-place-zabaw-1-1024x1024.jpg\",\"datePublished\":\"2021-02-02T12:03:15+00:00\",\"dateModified\":\"2021-02-04T16:46:29+00:00\",\"description\":\"Przydomowe place zabaw, atestowane place zabaw, Drewno Styl\",\"breadcrumb\":{\"@id\":\"https:\\\/\\\/atestowane-place-zabaw.pl\\\/index.php\\\/przydomowe-place-zabaw\\\/#breadcrumb\"},\"inLanguage\":\"pl-PL\",\"potentialAction\":[{\"@type\":\"ReadAction\",\"target\":[\"https:\\\/\\\/atestowane-place-zabaw.pl\\\/index.php\\\/przydomowe-place-zabaw\\\/\"]}]},{\"@type\":\"ImageObject\",\"inLanguage\":\"pl-PL\",\"@id\":\"https:\\\/\\\/atestowane-place-zabaw.pl\\\/index.php\\\/przydomowe-place-zabaw\\\/#primaryimage\",\"url\":\"http:\\\/\\\/atest-place-zabaw.grafipol.webd.pro\\\/wp-content\\\/uploads\\\/2021\\\/02\\\/Przydomowe-place-zabaw-1-1024x1024.jpg\",\"contentUrl\":\"http:\\\/\\\/atest-place-zabaw.grafipol.webd.pro\\\/wp-content\\\/uploads\\\/2021\\\/02\\\/Przydomowe-place-zabaw-1-1024x1024.jpg\"},{\"@type\":\"BreadcrumbList\",\"@id\":\"https:\\\/\\\/atestowane-place-zabaw.pl\\\/index.php\\\/przydomowe-place-zabaw\\\/#breadcrumb\",\"itemListElement\":[{\"@type\":\"ListItem\",\"position\":1,\"name\":\"Strona g\u0142\u00f3wna\",\"item\":\"https:\\\/\\\/atestowane-place-zabaw.pl\\\/\"},{\"@type\":\"ListItem\",\"position\":2,\"name\":\"Przydomowe place zabaw\"}]},{\"@type\":\"WebSite\",\"@id\":\"https:\\\/\\\/atestowane-place-zabaw.pl\\\/#website\",\"url\":\"https:\\\/\\\/atestowane-place-zabaw.pl\\\/\",\"name\":\"Atestowane Place Zabaw\",\"description\":\"place zabaw, hu\u015btawki, piaskownice, spr\u0119\u017cynowce, karuzele, urz\u0105dzenia sprawno\u015bciowe, \u0142awki i sto\u0142y, fitness, si\u0142ownie zewn\u0119trzne\",\"publisher\":{\"@id\":\"https:\\\/\\\/atestowane-place-zabaw.pl\\\/#organization\"},\"potentialAction\":[{\"@type\":\"SearchAction\",\"target\":{\"@type\":\"EntryPoint\",\"urlTemplate\":\"https:\\\/\\\/atestowane-place-zabaw.pl\\\/?s={search_term_string}\"},\"query-input\":{\"@type\":\"PropertyValueSpecification\",\"valueRequired\":true,\"valueName\":\"search_term_string\"}}],\"inLanguage\":\"pl-PL\"},{\"@type\":\"Organization\",\"@id\":\"https:\\\/\\\/atestowane-place-zabaw.pl\\\/#organization\",\"name\":\"Drewno Styl, Atestowane Place Zabaw\",\"url\":\"https:\\\/\\\/atestowane-place-zabaw.pl\\\/\",\"logo\":{\"@type\":\"ImageObject\",\"inLanguage\":\"pl-PL\",\"@id\":\"https:\\\/\\\/atestowane-place-zabaw.pl\\\/#\\\/schema\\\/logo\\\/image\\\/\",\"url\":\"https:\\\/\\\/atestowane-place-zabaw.pl\\\/wp-content\\\/uploads\\\/2021\\\/02\\\/DREWNOSTYL-place-zabaw2.png\",\"contentUrl\":\"https:\\\/\\\/atestowane-place-zabaw.pl\\\/wp-content\\\/uploads\\\/2021\\\/02\\\/DREWNOSTYL-place-zabaw2.png\",\"width\":262,\"height\":132,\"caption\":\"Drewno Styl, Atestowane Place Zabaw\"},\"image\":{\"@id\":\"https:\\\/\\\/atestowane-place-zabaw.pl\\\/#\\\/schema\\\/logo\\\/image\\\/\"}}]}<\/script>\n<!-- \/ Yoast SEO plugin. -->","yoast_head_json":{"title":"Przydomowe place zabaw, atestowane place zabaw, Drewno Styl","description":"Przydomowe place zabaw, atestowane place zabaw, Drewno Styl","robots":{"index":"index","follow":"follow","max-snippet":"max-snippet:-1","max-image-preview":"max-image-preview:large","max-video-preview":"max-video-preview:-1"},"canonical":"https:\/\/atestowane-place-zabaw.pl\/index.php\/przydomowe-place-zabaw\/","og_locale":"pl_PL","og_type":"article","og_title":"Przydomowe place zabaw, atestowane place zabaw, Drewno Styl","og_description":"Przydomowe place zabaw, atestowane place zabaw, Drewno Styl","og_url":"https:\/\/atestowane-place-zabaw.pl\/index.php\/przydomowe-place-zabaw\/","og_site_name":"Atestowane Place Zabaw Drewno Styl","article_modified_time":"2021-02-04T16:46:29+00:00","og_image":[{"url":"http:\/\/atest-place-zabaw.grafipol.webd.pro\/wp-content\/uploads\/2021\/02\/Przydomowe-place-zabaw-1-1024x1024.jpg","type":"","width":"","height":""}],"twitter_card":"summary_large_image","twitter_misc":{"Szacowany czas czytania":"2 minuty"},"schema":{"@context":"https:\/\/schema.org","@graph":[{"@type":"WebPage","@id":"https:\/\/atestowane-place-zabaw.pl\/index.php\/przydomowe-place-zabaw\/","url":"https:\/\/atestowane-place-zabaw.pl\/index.php\/przydomowe-place-zabaw\/","name":"Przydomowe place zabaw, atestowane place zabaw, Drewno Styl","isPartOf":{"@id":"https:\/\/atestowane-place-zabaw.pl\/#website"},"primaryImageOfPage":{"@id":"https:\/\/atestowane-place-zabaw.pl\/index.php\/przydomowe-place-zabaw\/#primaryimage"},"image":{"@id":"https:\/\/atestowane-place-zabaw.pl\/index.php\/przydomowe-place-zabaw\/#primaryimage"},"thumbnailUrl":"http:\/\/atest-place-zabaw.grafipol.webd.pro\/wp-content\/uploads\/2021\/02\/Przydomowe-place-zabaw-1-1024x1024.jpg","datePublished":"2021-02-02T12:03:15+00:00","dateModified":"2021-02-04T16:46:29+00:00","description":"Przydomowe place zabaw, atestowane place zabaw, Drewno Styl","breadcrumb":{"@id":"https:\/\/atestowane-place-zabaw.pl\/index.php\/przydomowe-place-zabaw\/#breadcrumb"},"inLanguage":"pl-PL","potentialAction":[{"@type":"ReadAction","target":["https:\/\/atestowane-place-zabaw.pl\/index.php\/przydomowe-place-zabaw\/"]}]},{"@type":"ImageObject","inLanguage":"pl-PL","@id":"https:\/\/atestowane-place-zabaw.pl\/index.php\/przydomowe-place-zabaw\/#primaryimage","url":"http:\/\/atest-place-zabaw.grafipol.webd.pro\/wp-content\/uploads\/2021\/02\/Przydomowe-place-zabaw-1-1024x1024.jpg","contentUrl":"http:\/\/atest-place-zabaw.grafipol.webd.pro\/wp-content\/uploads\/2021\/02\/Przydomowe-place-zabaw-1-1024x1024.jpg"},{"@type":"BreadcrumbList","@id":"https:\/\/atestowane-place-zabaw.pl\/index.php\/przydomowe-place-zabaw\/#breadcrumb","itemListElement":[{"@type":"ListItem","position":1,"name":"Strona g\u0142\u00f3wna","item":"https:\/\/atestowane-place-zabaw.pl\/"},{"@type":"ListItem","position":2,"name":"Przydomowe place zabaw"}]},{"@type":"WebSite","@id":"https:\/\/atestowane-place-zabaw.pl\/#website","url":"https:\/\/atestowane-place-zabaw.pl\/","name":"Atestowane Place Zabaw","description":"place zabaw, hu\u015btawki, piaskownice, spr\u0119\u017cynowce, karuzele, urz\u0105dzenia sprawno\u015bciowe, \u0142awki i sto\u0142y, fitness, si\u0142ownie zewn\u0119trzne","publisher":{"@id":"https:\/\/atestowane-place-zabaw.pl\/#organization"},"potentialAction":[{"@type":"SearchAction","target":{"@type":"EntryPoint","urlTemplate":"https:\/\/atestowane-place-zabaw.pl\/?s={search_term_string}"},"query-input":{"@type":"PropertyValueSpecification","valueRequired":true,"valueName":"search_term_string"}}],"inLanguage":"pl-PL"},{"@type":"Organization","@id":"https:\/\/atestowane-place-zabaw.pl\/#organization","name":"Drewno Styl, Atestowane Place Zabaw","url":"https:\/\/atestowane-place-zabaw.pl\/","logo":{"@type":"ImageObject","inLanguage":"pl-PL","@id":"https:\/\/atestowane-place-zabaw.pl\/#\/schema\/logo\/image\/","url":"https:\/\/atestowane-place-zabaw.pl\/wp-content\/uploads\/2021\/02\/DREWNOSTYL-place-zabaw2.png","contentUrl":"https:\/\/atestowane-place-zabaw.pl\/wp-content\/uploads\/2021\/02\/DREWNOSTYL-place-zabaw2.png","width":262,"height":132,"caption":"Drewno Styl, Atestowane Place Zabaw"},"image":{"@id":"https:\/\/atestowane-place-zabaw.pl\/#\/schema\/logo\/image\/"}}]}},"_links":{"self":[{"href":"https:\/\/atestowane-place-zabaw.pl\/index.php\/wp-json\/wp\/v2\/pages\/230","targetHints":{"allow":["GET"]}}],"collection":[{"href":"https:\/\/atestowane-place-zabaw.pl\/index.php\/wp-json\/wp\/v2\/pages"}],"about":[{"href":"https:\/\/atestowane-place-zabaw.pl\/index.php\/wp-json\/wp\/v2\/types\/page"}],"author":[{"embeddable":true,"href":"https:\/\/atestowane-place-zabaw.pl\/index.php\/wp-json\/wp\/v2\/users\/1"}],"replies":[{"embeddable":true,"href":"https:\/\/atestowane-place-zabaw.pl\/index.php\/wp-json\/wp\/v2\/comments?post=230"}],"version-history":[{"count":7,"href":"https:\/\/atestowane-place-zabaw.pl\/index.php\/wp-json\/wp\/v2\/pages\/230\/revisions"}],"predecessor-version":[{"id":711,"href":"https:\/\/atestowane-place-zabaw.pl\/index.php\/wp-json\/wp\/v2\/pages\/230\/revisions\/711"}],"wp:attachment":[{"href":"https:\/\/atestowane-place-zabaw.pl\/index.php\/wp-json\/wp\/v2\/media?parent=230"}],"curies":[{"name":"wp","href":"https:\/\/api.w.org\/{rel}","templated":true}]}}