{"id":226,"date":"2021-02-02T13:00:13","date_gmt":"2021-02-02T12:00:13","guid":{"rendered":"http:\/\/atest-place-zabaw.grafipol.webd.pro\/?page_id=226"},"modified":"2021-10-13T08:29:55","modified_gmt":"2021-10-13T06:29:55","slug":"lawki-i-stoly","status":"publish","type":"page","link":"https:\/\/atestowane-place-zabaw.pl\/index.php\/lawki-i-stoly\/","title":{"rendered":"\u0141awki i sto\u0142y"},"content":{"rendered":"\t\t<div data-elementor-type=\"wp-page\" data-elementor-id=\"226\" class=\"elementor elementor-226\">\n\t\t\t\t\t\t<section class=\"elementor-section elementor-top-section elementor-element elementor-element-9b81b2a elementor-section-stretched elementor-section-boxed elementor-section-height-default elementor-section-height-default\" data-id=\"9b81b2a\" data-element_type=\"section\" data-e-type=\"section\" data-settings=\"{&quot;stretch_section&quot;:&quot;section-stretched&quot;}\">\n\t\t\t\t\t\t<div class=\"elementor-container elementor-column-gap-default\">\n\t\t\t\t\t<div class=\"elementor-column elementor-col-100 elementor-top-column elementor-element elementor-element-77c1df7\" data-id=\"77c1df7\" data-element_type=\"column\" data-e-type=\"column\">\n\t\t\t<div class=\"elementor-widget-wrap elementor-element-populated\">\n\t\t\t\t\t\t<div class=\"elementor-element elementor-element-af5b428 elementor-widget elementor-widget-heading\" data-id=\"af5b428\" data-element_type=\"widget\" data-e-type=\"widget\" data-widget_type=\"heading.default\">\n\t\t\t\t<div class=\"elementor-widget-container\">\n\t\t\t\t\t<h2 class=\"elementor-heading-title elementor-size-default\">\u0141AWKI I STO\u0141Y<\/h2>\t\t\t\t<\/div>\n\t\t\t\t<\/div>\n\t\t\t\t\t<\/div>\n\t\t<\/div>\n\t\t\t\t\t<\/div>\n\t\t<\/section>\n\t\t\t\t<section class=\"elementor-section elementor-top-section elementor-element elementor-element-f242685 elementor-section-stretched elementor-section-boxed elementor-section-height-default elementor-section-height-default\" data-id=\"f242685\" data-element_type=\"section\" data-e-type=\"section\" data-settings=\"{&quot;stretch_section&quot;:&quot;section-stretched&quot;}\">\n\t\t\t\t\t\t<div class=\"elementor-container elementor-column-gap-default\">\n\t\t\t\t\t<div class=\"elementor-column elementor-col-100 elementor-top-column elementor-element elementor-element-c9a7912\" data-id=\"c9a7912\" data-element_type=\"column\" data-e-type=\"column\">\n\t\t\t<div class=\"elementor-widget-wrap elementor-element-populated\">\n\t\t\t\t\t\t<div class=\"elementor-element elementor-element-bd5bf50 elementor-widget elementor-widget-text-editor\" data-id=\"bd5bf50\" data-element_type=\"widget\" data-e-type=\"widget\" data-widget_type=\"text-editor.default\">\n\t\t\t\t<div class=\"elementor-widget-container\">\n\t\t\t\t\t\t\t\t\t<p>Kolejnymi produktami niezb\u0119dnymi w przestrzeni publicznej i miejskiej oraz w ogr\u00f3dkach przedszkolnych, s\u0105 \u0142awki i sto\u0142y.\u00a0Znajduj\u0105 si\u0119 one r\u00f3wnie\u017c w naszej ofercie. Przyk\u0142ady prezentujemy poni\u017cej. Mo\u017cliwe s\u0105 r\u00f3wnie\u017c realizacje na \u017cyczenie klienta.<\/p>\t\t\t\t\t\t\t\t<\/div>\n\t\t\t\t<\/div>\n\t\t\t\t\t<\/div>\n\t\t<\/div>\n\t\t\t\t\t<\/div>\n\t\t<\/section>\n\t\t\t\t<section class=\"elementor-section elementor-top-section elementor-element elementor-element-cc6ff97 elementor-section-stretched elementor-section-boxed elementor-section-height-default elementor-section-height-default\" data-id=\"cc6ff97\" data-element_type=\"section\" data-e-type=\"section\" data-settings=\"{&quot;stretch_section&quot;:&quot;section-stretched&quot;}\">\n\t\t\t\t\t\t<div class=\"elementor-container elementor-column-gap-default\">\n\t\t\t\t\t<div class=\"elementor-column elementor-col-100 elementor-top-column elementor-element elementor-element-7d6e081\" data-id=\"7d6e081\" data-element_type=\"column\" data-e-type=\"column\">\n\t\t\t<div class=\"elementor-widget-wrap elementor-element-populated\">\n\t\t\t\t\t\t<div class=\"elementor-element elementor-element-ecd58eb elementor-widget-divider--view-line elementor-widget elementor-widget-divider\" data-id=\"ecd58eb\" data-element_type=\"widget\" data-e-type=\"widget\" data-widget_type=\"divider.default\">\n\t\t\t\t<div class=\"elementor-widget-container\">\n\t\t\t\t\t\t\t<div class=\"elementor-divider\">\n\t\t\t<span class=\"elementor-divider-separator\">\n\t\t\t\t\t\t<\/span>\n\t\t<\/div>\n\t\t\t\t\t\t<\/div>\n\t\t\t\t<\/div>\n\t\t\t\t\t<\/div>\n\t\t<\/div>\n\t\t\t\t\t<\/div>\n\t\t<\/section>\n\t\t\t\t<section class=\"elementor-section elementor-top-section elementor-element elementor-element-2105f56 elementor-section-stretched elementor-section-boxed elementor-section-height-default elementor-section-height-default\" data-id=\"2105f56\" data-element_type=\"section\" data-e-type=\"section\" data-settings=\"{&quot;stretch_section&quot;:&quot;section-stretched&quot;}\">\n\t\t\t\t\t\t<div class=\"elementor-container elementor-column-gap-default\">\n\t\t\t\t\t<div class=\"elementor-column elementor-col-66 elementor-top-column elementor-element elementor-element-6172315\" data-id=\"6172315\" data-element_type=\"column\" data-e-type=\"column\">\n\t\t\t<div class=\"elementor-widget-wrap elementor-element-populated\">\n\t\t\t\t\t\t<div class=\"elementor-element elementor-element-e8624e0 elementor-widget elementor-widget-text-editor\" data-id=\"e8624e0\" data-element_type=\"widget\" data-e-type=\"widget\" data-widget_type=\"text-editor.default\">\n\t\t\t\t<div class=\"elementor-widget-container\">\n\t\t\t\t\t\t\t\t\t<p><strong>\u0141awka parkowa z pod\u0142okietnikiem<\/strong><\/p><p>Konstrukcja aluminiowa z siedziskiem i oparciem wykonanym z drewna li\u015bciastego olchowego. Malowana lakierobejc\u0105. Montowana do pod\u0142o\u017ca na kotwach stalowych.<\/p><p><strong>Dane techniczne:<\/strong>\u00a0&#8211; d\u0142ugo\u015b\u0107: 170 cm &#8211; szeroko\u015b\u0107: 70 cm &#8211; wysoko\u015b\u0107: 80 cm &#8211; liczba u\u017cytkownik\u00f3w: 4<\/p>\t\t\t\t\t\t\t\t<\/div>\n\t\t\t\t<\/div>\n\t\t\t\t\t<\/div>\n\t\t<\/div>\n\t\t\t\t<div class=\"elementor-column elementor-col-33 elementor-top-column elementor-element elementor-element-894bf39\" data-id=\"894bf39\" data-element_type=\"column\" data-e-type=\"column\">\n\t\t\t<div class=\"elementor-widget-wrap elementor-element-populated\">\n\t\t\t\t\t\t<div class=\"elementor-element elementor-element-2366248 elementor-widget elementor-widget-image\" data-id=\"2366248\" data-element_type=\"widget\" data-e-type=\"widget\" data-widget_type=\"image.default\">\n\t\t\t\t<div class=\"elementor-widget-container\">\n\t\t\t\t\t\t\t\t\t\t\t\t\t\t\t<img fetchpriority=\"high\" decoding=\"async\" width=\"800\" height=\"800\" src=\"https:\/\/atestowane-place-zabaw.pl\/wp-content\/uploads\/2021\/10\/stelaz-do-lawki-z-oparciem.jpg\" class=\"attachment-large size-large wp-image-1223\" alt=\"\" srcset=\"https:\/\/atestowane-place-zabaw.pl\/wp-content\/uploads\/2021\/10\/stelaz-do-lawki-z-oparciem.jpg 800w, https:\/\/atestowane-place-zabaw.pl\/wp-content\/uploads\/2021\/10\/stelaz-do-lawki-z-oparciem-300x300.jpg 300w, https:\/\/atestowane-place-zabaw.pl\/wp-content\/uploads\/2021\/10\/stelaz-do-lawki-z-oparciem-150x150.jpg 150w, https:\/\/atestowane-place-zabaw.pl\/wp-content\/uploads\/2021\/10\/stelaz-do-lawki-z-oparciem-768x768.jpg 768w\" sizes=\"(max-width: 800px) 100vw, 800px\" \/>\t\t\t\t\t\t\t\t\t\t\t\t\t\t\t<\/div>\n\t\t\t\t<\/div>\n\t\t\t\t\t<\/div>\n\t\t<\/div>\n\t\t\t\t\t<\/div>\n\t\t<\/section>\n\t\t\t\t<section class=\"elementor-section elementor-top-section elementor-element elementor-element-7c44e9d elementor-section-stretched elementor-section-boxed elementor-section-height-default elementor-section-height-default\" data-id=\"7c44e9d\" data-element_type=\"section\" data-e-type=\"section\" data-settings=\"{&quot;stretch_section&quot;:&quot;section-stretched&quot;}\">\n\t\t\t\t\t\t<div class=\"elementor-container elementor-column-gap-default\">\n\t\t\t\t\t<div class=\"elementor-column elementor-col-100 elementor-top-column elementor-element elementor-element-8039fbe\" data-id=\"8039fbe\" data-element_type=\"column\" data-e-type=\"column\">\n\t\t\t<div class=\"elementor-widget-wrap elementor-element-populated\">\n\t\t\t\t\t\t<div class=\"elementor-element elementor-element-87b72af elementor-widget-divider--view-line elementor-widget elementor-widget-divider\" data-id=\"87b72af\" data-element_type=\"widget\" data-e-type=\"widget\" data-widget_type=\"divider.default\">\n\t\t\t\t<div class=\"elementor-widget-container\">\n\t\t\t\t\t\t\t<div class=\"elementor-divider\">\n\t\t\t<span class=\"elementor-divider-separator\">\n\t\t\t\t\t\t<\/span>\n\t\t<\/div>\n\t\t\t\t\t\t<\/div>\n\t\t\t\t<\/div>\n\t\t\t\t\t<\/div>\n\t\t<\/div>\n\t\t\t\t\t<\/div>\n\t\t<\/section>\n\t\t\t\t<section class=\"elementor-section elementor-top-section elementor-element elementor-element-ab3987d elementor-section-stretched elementor-section-boxed elementor-section-height-default elementor-section-height-default\" data-id=\"ab3987d\" data-element_type=\"section\" data-e-type=\"section\" data-settings=\"{&quot;stretch_section&quot;:&quot;section-stretched&quot;}\">\n\t\t\t\t\t\t<div class=\"elementor-container elementor-column-gap-default\">\n\t\t\t\t\t<div class=\"elementor-column elementor-col-66 elementor-top-column elementor-element elementor-element-9d99f1e\" data-id=\"9d99f1e\" data-element_type=\"column\" data-e-type=\"column\">\n\t\t\t<div class=\"elementor-widget-wrap elementor-element-populated\">\n\t\t\t\t\t\t<div class=\"elementor-element elementor-element-1920506 elementor-widget elementor-widget-text-editor\" data-id=\"1920506\" data-element_type=\"widget\" data-e-type=\"widget\" data-widget_type=\"text-editor.default\">\n\t\t\t\t<div class=\"elementor-widget-container\">\n\t\t\t\t\t\t\t\t\t<p><strong>\u0141awka drewniana<\/strong><\/p><p>Konstrukcja drewniana z drewna sosnowego, siedziska i oparcie z olchowego. Malowana farbami ekologicznymi w czterech kolorach do wyboru: czerwony, niebieski, zielony, \u017c\u00f3\u0142ty. Montowana do pod\u0142o\u017ca na kotwach stalowych.<\/p><p>Dane techniczne: &#8211; d\u0142ugo\u015b\u0107: 170 cm &#8211; szeroko\u015b\u0107: 700 cm &#8211; wysoko\u015b\u0107: 80 cm &#8211; liczba u\u017cytkownik\u00f3w: 4<\/p>\t\t\t\t\t\t\t\t<\/div>\n\t\t\t\t<\/div>\n\t\t\t\t\t<\/div>\n\t\t<\/div>\n\t\t\t\t<div class=\"elementor-column elementor-col-33 elementor-top-column elementor-element elementor-element-4e6f8ef\" data-id=\"4e6f8ef\" data-element_type=\"column\" data-e-type=\"column\">\n\t\t\t<div class=\"elementor-widget-wrap elementor-element-populated\">\n\t\t\t\t\t\t<div class=\"elementor-element elementor-element-6c4927f elementor-widget elementor-widget-image\" data-id=\"6c4927f\" data-element_type=\"widget\" data-e-type=\"widget\" data-widget_type=\"image.default\">\n\t\t\t\t<div class=\"elementor-widget-container\">\n\t\t\t\t\t\t\t\t\t\t\t\t\t\t\t<img decoding=\"async\" width=\"611\" height=\"409\" src=\"https:\/\/atestowane-place-zabaw.pl\/wp-content\/uploads\/2021\/10\/Lawka_drewniana-removebg-preview.png\" class=\"attachment-large size-large wp-image-1225\" alt=\"\" srcset=\"https:\/\/atestowane-place-zabaw.pl\/wp-content\/uploads\/2021\/10\/Lawka_drewniana-removebg-preview.png 611w, https:\/\/atestowane-place-zabaw.pl\/wp-content\/uploads\/2021\/10\/Lawka_drewniana-removebg-preview-300x201.png 300w\" sizes=\"(max-width: 611px) 100vw, 611px\" \/>\t\t\t\t\t\t\t\t\t\t\t\t\t\t\t<\/div>\n\t\t\t\t<\/div>\n\t\t\t\t\t<\/div>\n\t\t<\/div>\n\t\t\t\t\t<\/div>\n\t\t<\/section>\n\t\t\t\t<section class=\"elementor-section elementor-top-section elementor-element elementor-element-460a343 elementor-section-stretched elementor-section-boxed elementor-section-height-default elementor-section-height-default\" data-id=\"460a343\" data-element_type=\"section\" data-e-type=\"section\" data-settings=\"{&quot;stretch_section&quot;:&quot;section-stretched&quot;}\">\n\t\t\t\t\t\t<div class=\"elementor-container elementor-column-gap-default\">\n\t\t\t\t\t<div class=\"elementor-column elementor-col-100 elementor-top-column elementor-element elementor-element-a29df7e\" data-id=\"a29df7e\" data-element_type=\"column\" data-e-type=\"column\">\n\t\t\t<div class=\"elementor-widget-wrap elementor-element-populated\">\n\t\t\t\t\t\t<div class=\"elementor-element elementor-element-8b041cd elementor-widget-divider--view-line elementor-widget elementor-widget-divider\" data-id=\"8b041cd\" data-element_type=\"widget\" data-e-type=\"widget\" data-widget_type=\"divider.default\">\n\t\t\t\t<div class=\"elementor-widget-container\">\n\t\t\t\t\t\t\t<div class=\"elementor-divider\">\n\t\t\t<span class=\"elementor-divider-separator\">\n\t\t\t\t\t\t<\/span>\n\t\t<\/div>\n\t\t\t\t\t\t<\/div>\n\t\t\t\t<\/div>\n\t\t\t\t\t<\/div>\n\t\t<\/div>\n\t\t\t\t\t<\/div>\n\t\t<\/section>\n\t\t\t\t<section class=\"elementor-section elementor-top-section elementor-element elementor-element-e0a53e1 elementor-section-stretched elementor-section-boxed elementor-section-height-default elementor-section-height-default\" data-id=\"e0a53e1\" data-element_type=\"section\" data-e-type=\"section\" data-settings=\"{&quot;stretch_section&quot;:&quot;section-stretched&quot;}\">\n\t\t\t\t\t\t<div class=\"elementor-container elementor-column-gap-default\">\n\t\t\t\t\t<div class=\"elementor-column elementor-col-66 elementor-top-column elementor-element elementor-element-aea6f7c\" data-id=\"aea6f7c\" data-element_type=\"column\" data-e-type=\"column\">\n\t\t\t<div class=\"elementor-widget-wrap elementor-element-populated\">\n\t\t\t\t\t\t<div class=\"elementor-element elementor-element-c84b303 elementor-widget elementor-widget-text-editor\" data-id=\"c84b303\" data-element_type=\"widget\" data-e-type=\"widget\" data-widget_type=\"text-editor.default\">\n\t\t\t\t<div class=\"elementor-widget-container\">\n\t\t\t\t\t\t\t\t\t<p><strong>Zestaw stolik-\u0142awki<\/strong><\/p><p>Konstrukcja metalowa ocynkowana. Blat oraz siedziska wykonane ze sklejki lub tarcicy olchowej. Przeznaczona dla o\u015bmiorga dzieci. Posiada certyfikat z przeznaczeniem na publiczne place zabaw.<\/p><p>Dane techniczne: &#8211; d\u0142ugo\u015b\u0107: 170 cm &#8211; szeroko\u015b\u0107: 140 cm &#8211; wysoko\u015b\u0107: 75 cm &#8211; wysoko\u015b\u0107 swobodnego upadku: 35 cm &#8211; strefa bezpiecze\u0144stwa: 470 x 440 cm &#8211; normy bezpiecze\u0144stwa EN 1176-1 &#8211; liczba u\u017cytkownik\u00f3w: 8<\/p>\t\t\t\t\t\t\t\t<\/div>\n\t\t\t\t<\/div>\n\t\t\t\t\t<\/div>\n\t\t<\/div>\n\t\t\t\t<div class=\"elementor-column elementor-col-33 elementor-top-column elementor-element elementor-element-7f7bca6\" data-id=\"7f7bca6\" data-element_type=\"column\" data-e-type=\"column\">\n\t\t\t<div class=\"elementor-widget-wrap elementor-element-populated\">\n\t\t\t\t\t\t<div class=\"elementor-element elementor-element-c7d1b8e elementor-widget elementor-widget-image\" data-id=\"c7d1b8e\" data-element_type=\"widget\" data-e-type=\"widget\" data-widget_type=\"image.default\">\n\t\t\t\t<div class=\"elementor-widget-container\">\n\t\t\t\t\t\t\t\t\t\t\t\t\t\t\t<img decoding=\"async\" width=\"1024\" height=\"781\" src=\"https:\/\/atestowane-place-zabaw.pl\/wp-content\/uploads\/2021\/10\/lawka-stol-1b-1024x781.jpg\" class=\"attachment-large size-large wp-image-1226\" alt=\"\" srcset=\"https:\/\/atestowane-place-zabaw.pl\/wp-content\/uploads\/2021\/10\/lawka-stol-1b-1024x781.jpg 1024w, https:\/\/atestowane-place-zabaw.pl\/wp-content\/uploads\/2021\/10\/lawka-stol-1b-300x229.jpg 300w, https:\/\/atestowane-place-zabaw.pl\/wp-content\/uploads\/2021\/10\/lawka-stol-1b-768x586.jpg 768w, https:\/\/atestowane-place-zabaw.pl\/wp-content\/uploads\/2021\/10\/lawka-stol-1b-1536x1172.jpg 1536w, https:\/\/atestowane-place-zabaw.pl\/wp-content\/uploads\/2021\/10\/lawka-stol-1b.jpg 1900w\" sizes=\"(max-width: 1024px) 100vw, 1024px\" \/>\t\t\t\t\t\t\t\t\t\t\t\t\t\t\t<\/div>\n\t\t\t\t<\/div>\n\t\t\t\t\t<\/div>\n\t\t<\/div>\n\t\t\t\t\t<\/div>\n\t\t<\/section>\n\t\t\t\t<\/div>\n\t\t","protected":false},"excerpt":{"rendered":"<p>\u0141AWKI I STO\u0141Y Kolejnymi produktami niezb\u0119dnymi w przestrzeni publicznej i miejskiej oraz w ogr\u00f3dkach przedszkolnych, s\u0105 \u0142awki i sto\u0142y.\u00a0Znajduj\u0105 si\u0119 one r\u00f3wnie\u017c w naszej ofercie. Przyk\u0142ady prezentujemy poni\u017cej. Mo\u017cliwe s\u0105 r\u00f3wnie\u017c realizacje na \u017cyczenie klienta. \u0141awka parkowa z pod\u0142okietnikiem Konstrukcja aluminiowa z siedziskiem i oparciem wykonanym z drewna li\u015bciastego olchowego. Malowana lakierobejc\u0105. Montowana do pod\u0142o\u017ca&hellip;<\/p>\n","protected":false},"author":1,"featured_media":0,"parent":0,"menu_order":0,"comment_status":"closed","ping_status":"closed","template":"","meta":{"footnotes":""},"class_list":["post-226","page","type-page","status-publish","hentry"],"yoast_head":"<!-- This site is optimized with the Yoast SEO plugin v27.4 - https:\/\/yoast.com\/product\/yoast-seo-wordpress\/ -->\n<title>\u0141awki i sto\u0142y, atestowane place zabaw, Drewno Styl, Kolbuszowa G\u00f3rna<\/title>\n<meta name=\"description\" content=\"\u0141awki i sto\u0142y, atestowane place zabaw, Drewno Styl, Kolbuszowa G\u00f3rna\" \/>\n<meta name=\"robots\" content=\"index, follow, max-snippet:-1, max-image-preview:large, max-video-preview:-1\" \/>\n<link rel=\"canonical\" href=\"https:\/\/atestowane-place-zabaw.pl\/index.php\/lawki-i-stoly\/\" \/>\n<meta property=\"og:locale\" content=\"pl_PL\" \/>\n<meta property=\"og:type\" content=\"article\" \/>\n<meta property=\"og:title\" content=\"\u0141awki i sto\u0142y, atestowane place zabaw, Drewno Styl, Kolbuszowa G\u00f3rna\" \/>\n<meta property=\"og:description\" content=\"\u0141awki i sto\u0142y, atestowane place zabaw, Drewno Styl, Kolbuszowa G\u00f3rna\" \/>\n<meta property=\"og:url\" content=\"https:\/\/atestowane-place-zabaw.pl\/index.php\/lawki-i-stoly\/\" \/>\n<meta property=\"og:site_name\" content=\"Atestowane Place Zabaw Drewno Styl\" \/>\n<meta property=\"article:modified_time\" content=\"2021-10-13T06:29:55+00:00\" \/>\n<meta property=\"og:image\" content=\"https:\/\/atestowane-place-zabaw.pl\/wp-content\/uploads\/2021\/10\/stelaz-do-lawki-z-oparciem.jpg\" \/>\n<meta name=\"twitter:card\" content=\"summary_large_image\" \/>\n<meta name=\"twitter:label1\" content=\"Szacowany czas czytania\" \/>\n\t<meta name=\"twitter:data1\" content=\"2 minuty\" \/>\n<script type=\"application\/ld+json\" class=\"yoast-schema-graph\">{\"@context\":\"https:\\\/\\\/schema.org\",\"@graph\":[{\"@type\":\"WebPage\",\"@id\":\"https:\\\/\\\/atestowane-place-zabaw.pl\\\/index.php\\\/lawki-i-stoly\\\/\",\"url\":\"https:\\\/\\\/atestowane-place-zabaw.pl\\\/index.php\\\/lawki-i-stoly\\\/\",\"name\":\"\u0141awki i sto\u0142y, atestowane place zabaw, Drewno Styl, Kolbuszowa G\u00f3rna\",\"isPartOf\":{\"@id\":\"https:\\\/\\\/atestowane-place-zabaw.pl\\\/#website\"},\"primaryImageOfPage\":{\"@id\":\"https:\\\/\\\/atestowane-place-zabaw.pl\\\/index.php\\\/lawki-i-stoly\\\/#primaryimage\"},\"image\":{\"@id\":\"https:\\\/\\\/atestowane-place-zabaw.pl\\\/index.php\\\/lawki-i-stoly\\\/#primaryimage\"},\"thumbnailUrl\":\"https:\\\/\\\/atestowane-place-zabaw.pl\\\/wp-content\\\/uploads\\\/2021\\\/10\\\/stelaz-do-lawki-z-oparciem.jpg\",\"datePublished\":\"2021-02-02T12:00:13+00:00\",\"dateModified\":\"2021-10-13T06:29:55+00:00\",\"description\":\"\u0141awki i sto\u0142y, atestowane place zabaw, Drewno Styl, Kolbuszowa G\u00f3rna\",\"breadcrumb\":{\"@id\":\"https:\\\/\\\/atestowane-place-zabaw.pl\\\/index.php\\\/lawki-i-stoly\\\/#breadcrumb\"},\"inLanguage\":\"pl-PL\",\"potentialAction\":[{\"@type\":\"ReadAction\",\"target\":[\"https:\\\/\\\/atestowane-place-zabaw.pl\\\/index.php\\\/lawki-i-stoly\\\/\"]}]},{\"@type\":\"ImageObject\",\"inLanguage\":\"pl-PL\",\"@id\":\"https:\\\/\\\/atestowane-place-zabaw.pl\\\/index.php\\\/lawki-i-stoly\\\/#primaryimage\",\"url\":\"https:\\\/\\\/atestowane-place-zabaw.pl\\\/wp-content\\\/uploads\\\/2021\\\/10\\\/stelaz-do-lawki-z-oparciem.jpg\",\"contentUrl\":\"https:\\\/\\\/atestowane-place-zabaw.pl\\\/wp-content\\\/uploads\\\/2021\\\/10\\\/stelaz-do-lawki-z-oparciem.jpg\",\"width\":800,\"height\":800},{\"@type\":\"BreadcrumbList\",\"@id\":\"https:\\\/\\\/atestowane-place-zabaw.pl\\\/index.php\\\/lawki-i-stoly\\\/#breadcrumb\",\"itemListElement\":[{\"@type\":\"ListItem\",\"position\":1,\"name\":\"Strona g\u0142\u00f3wna\",\"item\":\"https:\\\/\\\/atestowane-place-zabaw.pl\\\/\"},{\"@type\":\"ListItem\",\"position\":2,\"name\":\"\u0141awki i sto\u0142y\"}]},{\"@type\":\"WebSite\",\"@id\":\"https:\\\/\\\/atestowane-place-zabaw.pl\\\/#website\",\"url\":\"https:\\\/\\\/atestowane-place-zabaw.pl\\\/\",\"name\":\"Atestowane Place Zabaw\",\"description\":\"place zabaw, hu\u015btawki, piaskownice, spr\u0119\u017cynowce, karuzele, urz\u0105dzenia sprawno\u015bciowe, \u0142awki i sto\u0142y, fitness, si\u0142ownie zewn\u0119trzne\",\"publisher\":{\"@id\":\"https:\\\/\\\/atestowane-place-zabaw.pl\\\/#organization\"},\"potentialAction\":[{\"@type\":\"SearchAction\",\"target\":{\"@type\":\"EntryPoint\",\"urlTemplate\":\"https:\\\/\\\/atestowane-place-zabaw.pl\\\/?s={search_term_string}\"},\"query-input\":{\"@type\":\"PropertyValueSpecification\",\"valueRequired\":true,\"valueName\":\"search_term_string\"}}],\"inLanguage\":\"pl-PL\"},{\"@type\":\"Organization\",\"@id\":\"https:\\\/\\\/atestowane-place-zabaw.pl\\\/#organization\",\"name\":\"Drewno Styl, Atestowane Place Zabaw\",\"url\":\"https:\\\/\\\/atestowane-place-zabaw.pl\\\/\",\"logo\":{\"@type\":\"ImageObject\",\"inLanguage\":\"pl-PL\",\"@id\":\"https:\\\/\\\/atestowane-place-zabaw.pl\\\/#\\\/schema\\\/logo\\\/image\\\/\",\"url\":\"https:\\\/\\\/atestowane-place-zabaw.pl\\\/wp-content\\\/uploads\\\/2021\\\/02\\\/DREWNOSTYL-place-zabaw2.png\",\"contentUrl\":\"https:\\\/\\\/atestowane-place-zabaw.pl\\\/wp-content\\\/uploads\\\/2021\\\/02\\\/DREWNOSTYL-place-zabaw2.png\",\"width\":262,\"height\":132,\"caption\":\"Drewno Styl, Atestowane Place Zabaw\"},\"image\":{\"@id\":\"https:\\\/\\\/atestowane-place-zabaw.pl\\\/#\\\/schema\\\/logo\\\/image\\\/\"}}]}<\/script>\n<!-- \/ Yoast SEO plugin. -->","yoast_head_json":{"title":"\u0141awki i sto\u0142y, atestowane place zabaw, Drewno Styl, Kolbuszowa G\u00f3rna","description":"\u0141awki i sto\u0142y, atestowane place zabaw, Drewno Styl, Kolbuszowa G\u00f3rna","robots":{"index":"index","follow":"follow","max-snippet":"max-snippet:-1","max-image-preview":"max-image-preview:large","max-video-preview":"max-video-preview:-1"},"canonical":"https:\/\/atestowane-place-zabaw.pl\/index.php\/lawki-i-stoly\/","og_locale":"pl_PL","og_type":"article","og_title":"\u0141awki i sto\u0142y, atestowane place zabaw, Drewno Styl, Kolbuszowa G\u00f3rna","og_description":"\u0141awki i sto\u0142y, atestowane place zabaw, Drewno Styl, Kolbuszowa G\u00f3rna","og_url":"https:\/\/atestowane-place-zabaw.pl\/index.php\/lawki-i-stoly\/","og_site_name":"Atestowane Place Zabaw Drewno Styl","article_modified_time":"2021-10-13T06:29:55+00:00","og_image":[{"url":"https:\/\/atestowane-place-zabaw.pl\/wp-content\/uploads\/2021\/10\/stelaz-do-lawki-z-oparciem.jpg","type":"","width":"","height":""}],"twitter_card":"summary_large_image","twitter_misc":{"Szacowany czas czytania":"2 minuty"},"schema":{"@context":"https:\/\/schema.org","@graph":[{"@type":"WebPage","@id":"https:\/\/atestowane-place-zabaw.pl\/index.php\/lawki-i-stoly\/","url":"https:\/\/atestowane-place-zabaw.pl\/index.php\/lawki-i-stoly\/","name":"\u0141awki i sto\u0142y, atestowane place zabaw, Drewno Styl, Kolbuszowa G\u00f3rna","isPartOf":{"@id":"https:\/\/atestowane-place-zabaw.pl\/#website"},"primaryImageOfPage":{"@id":"https:\/\/atestowane-place-zabaw.pl\/index.php\/lawki-i-stoly\/#primaryimage"},"image":{"@id":"https:\/\/atestowane-place-zabaw.pl\/index.php\/lawki-i-stoly\/#primaryimage"},"thumbnailUrl":"https:\/\/atestowane-place-zabaw.pl\/wp-content\/uploads\/2021\/10\/stelaz-do-lawki-z-oparciem.jpg","datePublished":"2021-02-02T12:00:13+00:00","dateModified":"2021-10-13T06:29:55+00:00","description":"\u0141awki i sto\u0142y, atestowane place zabaw, Drewno Styl, Kolbuszowa G\u00f3rna","breadcrumb":{"@id":"https:\/\/atestowane-place-zabaw.pl\/index.php\/lawki-i-stoly\/#breadcrumb"},"inLanguage":"pl-PL","potentialAction":[{"@type":"ReadAction","target":["https:\/\/atestowane-place-zabaw.pl\/index.php\/lawki-i-stoly\/"]}]},{"@type":"ImageObject","inLanguage":"pl-PL","@id":"https:\/\/atestowane-place-zabaw.pl\/index.php\/lawki-i-stoly\/#primaryimage","url":"https:\/\/atestowane-place-zabaw.pl\/wp-content\/uploads\/2021\/10\/stelaz-do-lawki-z-oparciem.jpg","contentUrl":"https:\/\/atestowane-place-zabaw.pl\/wp-content\/uploads\/2021\/10\/stelaz-do-lawki-z-oparciem.jpg","width":800,"height":800},{"@type":"BreadcrumbList","@id":"https:\/\/atestowane-place-zabaw.pl\/index.php\/lawki-i-stoly\/#breadcrumb","itemListElement":[{"@type":"ListItem","position":1,"name":"Strona g\u0142\u00f3wna","item":"https:\/\/atestowane-place-zabaw.pl\/"},{"@type":"ListItem","position":2,"name":"\u0141awki i sto\u0142y"}]},{"@type":"WebSite","@id":"https:\/\/atestowane-place-zabaw.pl\/#website","url":"https:\/\/atestowane-place-zabaw.pl\/","name":"Atestowane Place Zabaw","description":"place zabaw, hu\u015btawki, piaskownice, spr\u0119\u017cynowce, karuzele, urz\u0105dzenia sprawno\u015bciowe, \u0142awki i sto\u0142y, fitness, si\u0142ownie zewn\u0119trzne","publisher":{"@id":"https:\/\/atestowane-place-zabaw.pl\/#organization"},"potentialAction":[{"@type":"SearchAction","target":{"@type":"EntryPoint","urlTemplate":"https:\/\/atestowane-place-zabaw.pl\/?s={search_term_string}"},"query-input":{"@type":"PropertyValueSpecification","valueRequired":true,"valueName":"search_term_string"}}],"inLanguage":"pl-PL"},{"@type":"Organization","@id":"https:\/\/atestowane-place-zabaw.pl\/#organization","name":"Drewno Styl, Atestowane Place Zabaw","url":"https:\/\/atestowane-place-zabaw.pl\/","logo":{"@type":"ImageObject","inLanguage":"pl-PL","@id":"https:\/\/atestowane-place-zabaw.pl\/#\/schema\/logo\/image\/","url":"https:\/\/atestowane-place-zabaw.pl\/wp-content\/uploads\/2021\/02\/DREWNOSTYL-place-zabaw2.png","contentUrl":"https:\/\/atestowane-place-zabaw.pl\/wp-content\/uploads\/2021\/02\/DREWNOSTYL-place-zabaw2.png","width":262,"height":132,"caption":"Drewno Styl, Atestowane Place Zabaw"},"image":{"@id":"https:\/\/atestowane-place-zabaw.pl\/#\/schema\/logo\/image\/"}}]}},"_links":{"self":[{"href":"https:\/\/atestowane-place-zabaw.pl\/index.php\/wp-json\/wp\/v2\/pages\/226","targetHints":{"allow":["GET"]}}],"collection":[{"href":"https:\/\/atestowane-place-zabaw.pl\/index.php\/wp-json\/wp\/v2\/pages"}],"about":[{"href":"https:\/\/atestowane-place-zabaw.pl\/index.php\/wp-json\/wp\/v2\/types\/page"}],"author":[{"embeddable":true,"href":"https:\/\/atestowane-place-zabaw.pl\/index.php\/wp-json\/wp\/v2\/users\/1"}],"replies":[{"embeddable":true,"href":"https:\/\/atestowane-place-zabaw.pl\/index.php\/wp-json\/wp\/v2\/comments?post=226"}],"version-history":[{"count":10,"href":"https:\/\/atestowane-place-zabaw.pl\/index.php\/wp-json\/wp\/v2\/pages\/226\/revisions"}],"predecessor-version":[{"id":1229,"href":"https:\/\/atestowane-place-zabaw.pl\/index.php\/wp-json\/wp\/v2\/pages\/226\/revisions\/1229"}],"wp:attachment":[{"href":"https:\/\/atestowane-place-zabaw.pl\/index.php\/wp-json\/wp\/v2\/media?parent=226"}],"curies":[{"name":"wp","href":"https:\/\/api.w.org\/{rel}","templated":true}]}}